{"id":14,"date":"2018-04-19T15:48:06","date_gmt":"2018-04-19T15:48:06","guid":{"rendered":"http:\/\/hahuymecjsc.com.vn\/?page_id=14"},"modified":"2018-05-05T10:59:09","modified_gmt":"2018-05-05T10:59:09","slug":"lien-he","status":"publish","type":"page","link":"http:\/\/hahuymecjsc.com.vn\/en\/lien-he\/","title":{"rendered":"Contact"},"content":{"rendered":"<p><\/p>\n<h3>Ha Huy Services Commercial and Medical Join Stock Company<\/h3>\n<p><b>Add<\/b>: 30\u00a0Lane\u00a0260\/6\u00a0Doi\u00a0Can, Lieu\u00a0Giai<span lang=\"VI\">,<\/span><span lang=\"VI\">\u00a0<\/span>Ba\u00a0<span lang=\"VI\">D<\/span>inh District,\u00a0Ha\u00a0<span lang=\"VI\">N<\/span>oi<span lang=\"VI\">, Viet Nam<\/span><\/p>\n<p><strong>Email<\/strong>: info@hahuymec.com.vn\/ info.hahuymec@gmail.com<\/p>\n<p><strong>Hotline<\/strong>: 024.37-368-186 \/ 0949 598 686<\/p>\n<p><strong>Fax<\/strong>: 024.37-368-189<\/p>\n<p><strong>Website<\/strong>: <a href=\"http:\/\/www.hahuymec.com.vn\">http:\/\/www.hahuymec.com.vn<\/a><\/p>\n<p><span style=\"color: #999999;\"><em>(M\u1ecdi y\u00eau c\u1ea7u xin qu\u00fd kh\u00e1ch vui l\u00f2ng li\u00ean h\u1ec7 tr\u1ef1c ti\u1ebfp ho\u1eb7c \u0111\u1ec3 l\u1ea1i l\u1eddi nh\u1eafn)<\/em><\/span><\/p>\n<p><div role=\"form\" class=\"wpcf7\" id=\"wpcf7-f88-o2\" lang=\"vi\" dir=\"ltr\">\n<div class=\"screen-reader-response\"><\/div>\n<form action=\"\/en\/wp-json\/wp\/v2\/pages\/14#wpcf7-f88-o2\" method=\"post\" class=\"wpcf7-form\" novalidate=\"novalidate\">\n<div style=\"display: none;\">\n<input type=\"hidden\" name=\"_wpcf7\" value=\"88\" \/>\n<input type=\"hidden\" name=\"_wpcf7_version\" value=\"5.0.1\" \/>\n<input type=\"hidden\" name=\"_wpcf7_locale\" value=\"vi\" \/>\n<input type=\"hidden\" name=\"_wpcf7_unit_tag\" value=\"wpcf7-f88-o2\" \/>\n<input type=\"hidden\" name=\"_wpcf7_container_post\" value=\"0\" \/>\n<\/div>\n<p><span class=\"wpcf7-form-control-wrap your-name\"><input type=\"text\" name=\"your-name\" value=\"\" size=\"40\" class=\"wpcf7-form-control wpcf7-text wpcf7-validates-as-required\" aria-required=\"true\" aria-invalid=\"false\" placeholder=\"Your name\" \/><\/span><span class=\"wpcf7-form-control-wrap your-phone\"><input type=\"text\" name=\"your-phone\" value=\"\" size=\"40\" class=\"wpcf7-form-control wpcf7-text\" aria-invalid=\"false\" placeholder=\"Your phone\" \/><\/span><span class=\"wpcf7-form-control-wrap your-email\"><input type=\"email\" name=\"your-email\" value=\"\" size=\"40\" class=\"wpcf7-form-control wpcf7-text wpcf7-email wpcf7-validates-as-required wpcf7-validates-as-email\" aria-required=\"true\" aria-invalid=\"false\" placeholder=\"Email\" \/><\/span><span class=\"wpcf7-form-control-wrap your-message\"><textarea name=\"your-message\" cols=\"40\" rows=\"10\" class=\"wpcf7-form-control wpcf7-textarea\" aria-invalid=\"false\" placeholder=\"Your message\"><\/textarea><\/span><\/p>\n<p><input type=\"submit\" value=\"Submit\" class=\"wpcf7-form-control wpcf7-submit\" \/><\/p>\n<div class=\"wpcf7-response-output wpcf7-display-none\"><\/div><\/form><\/div><\/p>","protected":false},"excerpt":{"rendered":"<p>Ha Huy Services Commercial and Medical Join Stock Company Add: 30\u00a0Lane\u00a0260\/6\u00a0Doi\u00a0Can, Lieu\u00a0Giai,\u00a0Ba\u00a0Dinh District,\u00a0Ha\u00a0Noi, Viet Nam Email: info@hahuymec.com.vn\/ info.hahuymec@gmail.com Hotline: 024.37-368-186 \/ 0949 598 686 Fax: 024.37-368-189 Website: http:\/\/www.hahuymec.com.vn (M\u1ecdi y\u00eau c\u1ea7u xin qu\u00fd kh\u00e1ch vui l\u00f2ng li\u00ean h\u1ec7 tr\u1ef1c ti\u1ebfp ho\u1eb7c \u0111\u1ec3 l\u1ea1i l\u1eddi nh\u1eafn)<\/p>\n","protected":false},"author":2,"featured_media":0,"parent":0,"menu_order":0,"comment_status":"closed","ping_status":"closed","template":"template\/template-contact.php","meta":[],"_links":{"self":[{"href":"http:\/\/hahuymecjsc.com.vn\/en\/wp-json\/wp\/v2\/pages\/14"}],"collection":[{"href":"http:\/\/hahuymecjsc.com.vn\/en\/wp-json\/wp\/v2\/pages"}],"about":[{"href":"http:\/\/hahuymecjsc.com.vn\/en\/wp-json\/wp\/v2\/types\/page"}],"author":[{"embeddable":true,"href":"http:\/\/hahuymecjsc.com.vn\/en\/wp-json\/wp\/v2\/users\/2"}],"replies":[{"embeddable":true,"href":"http:\/\/hahuymecjsc.com.vn\/en\/wp-json\/wp\/v2\/comments?post=14"}],"version-history":[{"count":12,"href":"http:\/\/hahuymecjsc.com.vn\/en\/wp-json\/wp\/v2\/pages\/14\/revisions"}],"predecessor-version":[{"id":94,"href":"http:\/\/hahuymecjsc.com.vn\/en\/wp-json\/wp\/v2\/pages\/14\/revisions\/94"}],"wp:attachment":[{"href":"http:\/\/hahuymecjsc.com.vn\/en\/wp-json\/wp\/v2\/media?parent=14"}],"curies":[{"name":"wp","href":"https:\/\/api.w.org\/{rel}","templated":true}]}}