{"id":144,"date":"2018-05-31T08:48:31","date_gmt":"2018-05-31T08:48:31","guid":{"rendered":"http:\/\/hahuymecjsc.com.vn\/?post_type=product&#038;p=144"},"modified":"2025-02-20T02:45:13","modified_gmt":"2025-02-20T02:45:13","slug":"may-keo-gian-lung-va-co","status":"publish","type":"product","link":"http:\/\/hahuymecjsc.com.vn\/en\/san-pham\/may-keo-gian-lung-va-co\/","title":{"rendered":"(Ti\u1ebfng Vi\u1ec7t) M\u00e1y k\u00e9o gi\u00e3n l\u01b0ng v\u00e0 c\u1ed5"},"content":{"rendered":"\n\n\n<p><\/p>\n","protected":false},"excerpt":{"rendered":"","protected":false},"featured_media":145,"template":"","meta":[],"_links":{"self":[{"href":"http:\/\/hahuymecjsc.com.vn\/en\/wp-json\/wp\/v2\/product\/144"}],"collection":[{"href":"http:\/\/hahuymecjsc.com.vn\/en\/wp-json\/wp\/v2\/product"}],"about":[{"href":"http:\/\/hahuymecjsc.com.vn\/en\/wp-json\/wp\/v2\/types\/product"}],"wp:featuredmedia":[{"embeddable":true,"href":"http:\/\/hahuymecjsc.com.vn\/en\/wp-json\/wp\/v2\/media\/145"}],"wp:attachment":[{"href":"http:\/\/hahuymecjsc.com.vn\/en\/wp-json\/wp\/v2\/media?parent=144"}],"curies":[{"name":"wp","href":"https:\/\/api.w.org\/{rel}","templated":true}]}}