{"id":152,"date":"2018-06-04T07:33:08","date_gmt":"2018-06-04T07:33:08","guid":{"rendered":"http:\/\/hahuymecjsc.com.vn\/?post_type=product&#038;p=152"},"modified":"2025-02-20T08:40:38","modified_gmt":"2025-02-20T08:40:38","slug":"may-xet-nghiem-huyet-hoc-tu-dong","status":"publish","type":"product","link":"http:\/\/hahuymecjsc.com.vn\/en\/san-pham\/may-xet-nghiem-huyet-hoc-tu-dong\/","title":{"rendered":"(Ti\u1ebfng Vi\u1ec7t) M\u00e1y x\u00e9t nghi\u1ec7m huy\u1ebft h\u1ecdc t\u1ef1 \u0111\u1ed9ng"},"content":{"rendered":"\n<p>Model: XN-550<br>H\u00e3ng s\u1ea3n xu\u1ea5t: Sysmex-\u0110\u1ee9c<\/p>\n\n\n\n<p>C\u1ea4U H\u00ccNH THI\u1ebeT B\u1eca<br>01 M\u00e1y ch\u00ednh v\u00e0 ph\u1ee5 ki\u1ec7n ti\u00eau chu\u1ea9n \u0111i k\u00e8m<br>01 B\u1ed9 barcode c\u1ea7m tay<br>01 B\u1ed9 h\u00f3a ch\u1ea5t ch\u1ea1y m\u00e1y c\u01a1 b\u1ea3n<\/p>\n","protected":false},"excerpt":{"rendered":"<p>Model: XN-550H\u00e3ng s\u1ea3n xu\u1ea5t: Sysmex-\u0110\u1ee9c C\u1ea4U H\u00ccNH THI\u1ebeT B\u1eca01 M\u00e1y ch\u00ednh v\u00e0 ph\u1ee5 ki\u1ec7n ti\u00eau chu\u1ea9n \u0111i k\u00e8m01 B\u1ed9 barcode c\u1ea7m tay01 B\u1ed9 h\u00f3a ch\u1ea5t ch\u1ea1y m\u00e1y c\u01a1 b\u1ea3n<\/p>\n","protected":false},"featured_media":153,"template":"","meta":[],"_links":{"self":[{"href":"http:\/\/hahuymecjsc.com.vn\/en\/wp-json\/wp\/v2\/product\/152"}],"collection":[{"href":"http:\/\/hahuymecjsc.com.vn\/en\/wp-json\/wp\/v2\/product"}],"about":[{"href":"http:\/\/hahuymecjsc.com.vn\/en\/wp-json\/wp\/v2\/types\/product"}],"wp:featuredmedia":[{"embeddable":true,"href":"http:\/\/hahuymecjsc.com.vn\/en\/wp-json\/wp\/v2\/media\/153"}],"wp:attachment":[{"href":"http:\/\/hahuymecjsc.com.vn\/en\/wp-json\/wp\/v2\/media?parent=152"}],"curies":[{"name":"wp","href":"https:\/\/api.w.org\/{rel}","templated":true}]}}