{"id":163,"date":"2018-06-12T03:26:00","date_gmt":"2018-06-12T03:26:00","guid":{"rendered":"http:\/\/hahuymecjsc.com.vn\/?post_type=product&#038;p=163"},"modified":"2025-02-20T08:55:37","modified_gmt":"2025-02-20T08:55:37","slug":"may-dieu-tri-bang-song-xung-kich-duc","status":"publish","type":"product","link":"http:\/\/hahuymecjsc.com.vn\/en\/san-pham\/may-dieu-tri-bang-song-xung-kich-duc\/","title":{"rendered":"(Ti\u1ebfng Vi\u1ec7t) M\u00e1y \u0111i\u1ec1u tr\u1ecb b\u1eb1ng s\u00f3ng xung k\u00edch \u0110\u1ee9c"},"content":{"rendered":"<p>1. C\u1ea5u h\u00ecnh ti\u00eau chu\u1ea9n cho 1 m\u00e1y<br \/>&#8211; M\u00e1y ch\u00ednh: 01 m\u00e1y<br \/>&#8211; Vali \u0111\u1ef1ng: 01 chi\u1ebfc<br \/>&#8211; \u0110\u1ea7u tr\u1ecb li\u1ec7u c\u1ee1 S, \u00f812 mm: 01 chi\u1ebfc<br \/>&#8211; \u0110\u1ea7u tr\u1ecb li\u1ec7u c\u1ee1 M, \u00f815mm: 01 chi\u1ebfc<br \/>&#8211; \u0110\u1ea7u tr\u1ecb li\u1ec7u c\u1ee1 L, \u00f820mm: 01 chi\u1ebfc<br \/>&#8211; L\u1ecd gel : 01 chi\u1ebfc<br \/>&#8211; V\u1ea3i lau: 01 chi\u1ebfc<br \/>&#8211; B\u00fat c\u1ea3m \u1ee9ng: 01 chi\u1ebfc<br \/>&#8211; D\u00e2y ngu\u1ed3n: 01 chi\u1ebfc<br \/>&#8211; T\u00e0i li\u1ec7u HDSD ti\u1ebfng Anh + ti\u1ebfng Vi\u1ec7t: 01 b\u1ed9<\/p>\n<p>\u00a0<\/p>\n\n\n<p><\/p>\n","protected":false},"excerpt":{"rendered":"<p>1. C\u1ea5u h\u00ecnh ti\u00eau chu\u1ea9n cho 1 m\u00e1y&#8211; M\u00e1y ch\u00ednh: 01 m\u00e1y&#8211; Vali \u0111\u1ef1ng: 01 chi\u1ebfc&#8211; \u0110\u1ea7u tr\u1ecb li\u1ec7u c\u1ee1 S, \u00f812 mm: 01 chi\u1ebfc&#8211; \u0110\u1ea7u tr\u1ecb li\u1ec7u c\u1ee1 M, \u00f815mm: 01 chi\u1ebfc&#8211; \u0110\u1ea7u tr\u1ecb li\u1ec7u c\u1ee1 L, \u00f820mm: 01 chi\u1ebfc&#8211; L\u1ecd gel : 01 chi\u1ebfc&#8211; V\u1ea3i lau: 01 chi\u1ebfc&#8211; B\u00fat c\u1ea3m \u1ee9ng: 01 chi\u1ebfc&#8211; [&hellip;]<\/p>\n","protected":false},"featured_media":164,"template":"","meta":[],"_links":{"self":[{"href":"http:\/\/hahuymecjsc.com.vn\/en\/wp-json\/wp\/v2\/product\/163"}],"collection":[{"href":"http:\/\/hahuymecjsc.com.vn\/en\/wp-json\/wp\/v2\/product"}],"about":[{"href":"http:\/\/hahuymecjsc.com.vn\/en\/wp-json\/wp\/v2\/types\/product"}],"wp:featuredmedia":[{"embeddable":true,"href":"http:\/\/hahuymecjsc.com.vn\/en\/wp-json\/wp\/v2\/media\/164"}],"wp:attachment":[{"href":"http:\/\/hahuymecjsc.com.vn\/en\/wp-json\/wp\/v2\/media?parent=163"}],"curies":[{"name":"wp","href":"https:\/\/api.w.org\/{rel}","templated":true}]}}