{"id":166,"date":"2018-06-12T03:45:39","date_gmt":"2018-06-12T03:45:39","guid":{"rendered":"http:\/\/hahuymecjsc.com.vn\/?post_type=product&#038;p=166"},"modified":"2025-02-20T08:27:14","modified_gmt":"2025-02-20T08:27:14","slug":"may-xet-nghiem-dien-giai-5-thong-so","status":"publish","type":"product","link":"http:\/\/hahuymecjsc.com.vn\/en\/san-pham\/may-xet-nghiem-dien-giai-5-thong-so\/","title":{"rendered":"(Ti\u1ebfng Vi\u1ec7t) M\u00e1y x\u00e9t nghi\u1ec7m \u0111i\u1ec7n gi\u1ea3i 5 th\u00f4ng s\u1ed1"},"content":{"rendered":"<p>C\u1ea5u h\u00ecnh ti\u00eau chu\u1ea9n bao g\u1ed3m:<br \/>\n&#8211; M\u00e1y ch\u00ednh k\u00e8m theo b\u1ed9 \u0111i\u1ec7n c\u1ef1c: 01 chi\u1ebfc<br \/>\n&#8211; Ph\u1ee5 ki\u1ec7n ti\u00eau chu\u1ea9n \u0111\u1ed3ng b\u1ed9, g\u1ed3m c\u00e1c b\u1ed9 ph\u1eadn ch\u00ednh : 01 b\u1ed9<br \/>\n+ B\u1ed9 chuy\u1ec3n m\u1eabu t\u1ef1 \u0111\u1ed9ng : 01 b\u1ed9<br \/>\n+ B\u1ed9 qu\u00e9t m\u00e3 v\u1ea1ch : 01 b\u1ed9<br \/>\n+ H\u00f3a ch\u1ea5t ch\u1ea1y th\u1eed : 01 b\u1ed9<br \/>\n&#8211; T\u00e0i li\u1ec7u HDSD ti\u1ebfng Anh + ti\u1ebfng Vi\u1ec7t : 01 b\u1ed9<\/p>\n","protected":false},"excerpt":{"rendered":"<p class=\"qtranxs-available-languages-message qtranxs-available-languages-message-en\">Sorry, this entry is only available in <a href=\"http:\/\/hahuymecjsc.com.vn\/vi\/wp-json\/wp\/v2\/product\/166\" class=\"qtranxs-available-language-link qtranxs-available-language-link-vi\" title=\"Ti\u1ebfng Vi\u1ec7t\">Vietnamese<\/a>.<\/p>\n","protected":false},"featured_media":107,"template":"","meta":[],"_links":{"self":[{"href":"http:\/\/hahuymecjsc.com.vn\/en\/wp-json\/wp\/v2\/product\/166"}],"collection":[{"href":"http:\/\/hahuymecjsc.com.vn\/en\/wp-json\/wp\/v2\/product"}],"about":[{"href":"http:\/\/hahuymecjsc.com.vn\/en\/wp-json\/wp\/v2\/types\/product"}],"wp:featuredmedia":[{"embeddable":true,"href":"http:\/\/hahuymecjsc.com.vn\/en\/wp-json\/wp\/v2\/media\/107"}],"wp:attachment":[{"href":"http:\/\/hahuymecjsc.com.vn\/en\/wp-json\/wp\/v2\/media?parent=166"}],"curies":[{"name":"wp","href":"https:\/\/api.w.org\/{rel}","templated":true}]}}