{"id":236,"date":"2021-01-27T01:26:13","date_gmt":"2021-01-27T01:26:13","guid":{"rendered":"http:\/\/hahuymecjsc.com.vn\/?post_type=product&#038;p=236"},"modified":"2021-07-06T03:04:42","modified_gmt":"2021-07-06T03:04:42","slug":"may-phun-chay-dien-deo-vai","status":"publish","type":"product","link":"http:\/\/hahuymecjsc.com.vn\/en\/san-pham\/may-phun-chay-dien-deo-vai\/","title":{"rendered":"(Ti\u1ebfng Vi\u1ec7t) M\u00e1y Phun Ch\u1ea1y \u0110i\u1ec7n \u0110eo Vai"},"content":{"rendered":"<p><strong>M\u00e1y phun ch\u1ea1y \u0111i\u1ec7n \u0111eo vai<\/strong><br \/>Model: ML-X002<br \/>H\u00e3ng s\u1ea3n xu\u1ea5t: Merida<\/p>\n<p>Xu\u1ea5t x\u1ee9: Tung Qu\u1ed1c.\u00a0 \u00a0 \u00a0 \u00a0 \u00a0 \u00a0 \u00a0 \u00a0 \u00a0 \u00a0 \u00a0 \u00a0 \u00a0 \u00a0 \u00a0 \u00a0 \u00a0 \u00a0 \u00a0 \u00a0 \u00a0 \u00a0 \u00a0 \u00a0 \u00a0 \u00a0 \u00a0 \u00a0 \u00a0 \u00a0 \u00a0 \u00a0 \u00a0 \u00a0 \u00a0 \u00a0 \u00a0 \u00a0 \u00a0 \u00a0 \u00a0 \u00a0 \u00a0 \u00a0 \u00a0 \u00a0 \u00a0<\/p>\n<p><strong>C\u1ea5u h\u00ecnh cung c\u1ea5p<\/strong>:<\/p>\n<p>&#8211; M\u00e1y ch\u00ednh: 01 c\u00e1i<br \/>&#8211; Pin s\u1ea1c v\u00e0 b\u1ed9 s\u1ea1c: 01 b\u1ed9<br \/>&#8211; S\u00e1ch HDSD ti\u1ebfng Anh v\u00e0 ti\u1ebfng Vi\u1ec7t: 01 b\u1ed9<\/p>\n<p><strong>Th\u00f4ng s\u1ed1 k\u1ef9 Thu\u1eadt<\/strong><\/p>\n<ul>\n<li>Dung t\u00edch b\u00ecnh ch\u1ee9a h\u00f3a ch\u1ea5t phun\uff1a5l\u00edt<\/li>\n<li>L\u01b0u l\u01b0\u1ee3ng phun\uff1a 140 &#8211; 290ml \/ ph\u00fat;<\/li>\n<li>\u0110i\u1ec7n \u00e1p l\u00e0m vi\u1ec7c: DC 14.8V<\/li>\n<li>C\u00f4ng su\u1ea5t \u0111\u1ecbnh m\u1ee9c: 15W<\/li>\n<li>\u00c1p su\u1ea5t l\u00e0m vi\u1ec7c \uff1a 6 -12 Bar<\/li>\n<li>Dung l\u01b0\u1ee3ng pin: 2500 MAH<\/li>\n<li>Th\u1eddi gian phun v\u1edbi m\u1ed9t b\u00ecnh ch\u1ee9a \u0111\u1ea7y: 30 ph\u00fat.<\/li>\n<\/ul>\n<p>\u00a0<\/p>\n<p>\u00a0<\/p>\n\n\n<p><\/p>\n","protected":false},"excerpt":{"rendered":"<p class=\"qtranxs-available-languages-message qtranxs-available-languages-message-en\">Sorry, this entry is only available in <a href=\"http:\/\/hahuymecjsc.com.vn\/vi\/wp-json\/wp\/v2\/product\/236\" class=\"qtranxs-available-language-link qtranxs-available-language-link-vi\" title=\"Ti\u1ebfng Vi\u1ec7t\">Vietnamese<\/a>.<\/p>\n","protected":false},"featured_media":262,"template":"","meta":[],"_links":{"self":[{"href":"http:\/\/hahuymecjsc.com.vn\/en\/wp-json\/wp\/v2\/product\/236"}],"collection":[{"href":"http:\/\/hahuymecjsc.com.vn\/en\/wp-json\/wp\/v2\/product"}],"about":[{"href":"http:\/\/hahuymecjsc.com.vn\/en\/wp-json\/wp\/v2\/types\/product"}],"wp:featuredmedia":[{"embeddable":true,"href":"http:\/\/hahuymecjsc.com.vn\/en\/wp-json\/wp\/v2\/media\/262"}],"wp:attachment":[{"href":"http:\/\/hahuymecjsc.com.vn\/en\/wp-json\/wp\/v2\/media?parent=236"}],"curies":[{"name":"wp","href":"https:\/\/api.w.org\/{rel}","templated":true}]}}