{"id":35,"date":"2018-04-20T12:18:00","date_gmt":"2018-04-20T12:18:00","guid":{"rendered":"http:\/\/hahuymecjsc.com.vn\/?post_type=product&#038;p=35"},"modified":"2019-04-03T03:01:32","modified_gmt":"2019-04-03T03:01:32","slug":"he-thong-do-than-nhiet-dung-camera-hong-ngoai","status":"publish","type":"product","link":"http:\/\/hahuymecjsc.com.vn\/en\/san-pham\/he-thong-do-than-nhiet-dung-camera-hong-ngoai\/","title":{"rendered":"H\u1ec7 Th\u1ed1ng \u0110o Th\u00e2n Nhi\u1ec7t D\u00f9ng Camera H\u1ed3ng Ngo\u1ea1i"},"content":{"rendered":"<p><\/p>\n<p style=\"font-weight: 400;\">Flir A320 new l\u00e0 thi\u1ebft b\u1ecb l\u00fd t\u01b0\u1edfng \u0111\u1ec3 \u0111o v\u00e0 ki\u1ec3m tra nhi\u1ec7t \u0111\u1ed9 c\u01a1 th\u1ec3 nh\u1eb1m gi\u1ea3m nguy c\u01a1 v\u1ec1 c\u00e1c b\u1ec7nh truy\u1ec1n nhi\u1ec5m tr\u00ean di\u1ec7n r\u1ed9ng lan t\u1eeb n\u01a1i n\u00e0y ra n\u01a1i kh\u00e1c v\u00e0 n\u01b0\u1edbc n\u00e0y qua n\u01b0\u1edbc kh\u00e1c ,&#8230;<\/p>\n<p style=\"font-weight: 400;\">Camera \u1ea3nh nhi\u1ec7t c\u1ee7a Flir \u0111\u01b0\u1ee3c s\u1eed d\u1ee5ng tr\u00ean to\u00e0n Th\u1ebf gi\u1edbi, \u0111\u00e2y l\u00e0 m\u1ed9t ph\u01b0\u01a1ng ti\u1ec7n d\u00f9ng \u0111\u1ec3 theo d\u00f5i t\u1eeb xa t\u1ea1i s\u00e2n bay, bi\u00ean gi\u1edbi, b\u1ec7nh vi\u1ec7n, c\u01a1 quan v\u00e0 c\u00e1c n\u01a1i c\u00f4ng c\u1ed9ng kh\u00e1c \u0111\u1ec3 \u0111o s\u1ef1 thay \u0111\u1ed5i th\u00e2n nhi\u1ec7t &#8211; th\u01b0\u1eddng li\u00ean quan \u0111\u1ebfn \u201cs\u1ed1t\u201d.<\/p>\n<h2>T\u00ednh n\u0103ng<\/h2>\n<p style=\"font-weight: 400;\">&#8211;\u00a0H\u1ec7 th\u1ed1ng\u00a0\u0111\u01b0\u1ee3c thi\u1ebft k\u1ebf k\u1ebft h\u1ee3p c\u00e1c thu\u1eadt to\u00e1n \u0111\u1ec3 th\u00edch nghi v\u1edbi nh\u1eefng s\u1ef1 thay \u0111\u1ed5i c\u1ee7a nhi\u1ec7t \u0111\u1ed9 m\u00f4i tr\u01b0\u1eddng xung quanh, cho ph\u00e9p m\u00e1y v\u1eabn ho\u1ea1t \u0111\u1ed9ng t\u1ed1t trong m\u00f4i tr\u01b0\u1eddng n\u00f3ng, l\u1ea1nh ho\u1eb7c m\u00f4i tr\u01b0\u1eddng c\u00f3 nhi\u1ec7t \u0111\u1ed9 thay \u0111\u1ed5i.<\/p>\n<p style=\"font-weight: 400;\">&#8211;\u00a0C\u1ea3nh b\u00e1o b\u1eb1ng m\u00e0u s\u1eafc, \u00e2m thanh \u0111i\u1ec1u n\u00e0y gi\u00fap ng\u01b0\u1eddi v\u1eadn h\u00e0nh d\u1ec5 d\u00e0ng nh\u1eadn d\u1ea1ng \u0111\u01b0\u1ee3c \u0111\u1ed1i t\u01b0\u1ee3ng c\u00f3 th\u00e2n nhi\u1ec7t cao trong \u0111\u00e1m \u0111\u00f4ng.<\/p>\n<p style=\"font-weight: 400;\">&#8211;\u00a0T\u00ednh ch\u00ednh x\u00e1c cao \u00b1 2\u00b0C (3,6\u00b0F) ho\u1eb7c 2%<\/p>\n<p style=\"font-weight: 400;\">&#8211;\u00a0K\u1ebft c\u1ea5u v\u00e0 v\u1eadn h\u00e0nh \u0111\u01a1n gi\u1ea3n<\/p>\n<p style=\"font-weight: 400;\">&#8211;\u00a0T\u1ef1 \u0111\u1ed9ng \u0111i\u1ec1u ch\u1ec9nh Focus<\/p>\n<p style=\"font-weight: 400;\">&#8211;\u00a0Ho\u1ea1t \u0111\u1ed9ng \u0111\u1ed9c l\u1eadp, c\u00f3 ho\u1eb7c kh\u00f4ng c\u1ea7n k\u1ebft n\u1ed1i m\u00e1y vi t\u00ednh<\/p>\n<p style=\"font-weight: 400;\">&#8211;\u00a0Ph\u1ea7m m\u1ec1m tr\u00ean m\u00e1y t\u00ednh c\u00f3 th\u1ec3 theo d\u00f5i, l\u01b0u l\u1ea1i h\u00ecnh \u1ea3nh khi ph\u00e1t hi\u1ec7n ra ng\u01b0\u1eddi b\u1ecb s\u1ed1t<\/p>\n<p style=\"font-weight: 400;\">&#8211;\u00a0C\u00f3 th\u1ec3 k\u1ebft n\u1ed1i v\u1edbi m\u00e0n h\u00ecnh ho\u1eb7c m\u00e1y t\u00ednh \u0111\u1ec3 theo d\u00f5i tr\u1ef1c ti\u1ebfp<\/p>\n<p style=\"font-weight: 400;\">&#8211;\u00a0Truy c\u1eadp d\u1eef li\u1ec7u t\u1eeb nhi\u1ec1u camera<\/p>\n<p style=\"font-weight: 400;\">&#8211;\u00a0D\u1ec5 b\u1ea3o tr\u00ec, \u0111\u1ea7u \u0111o kh\u00f4ng b\u1ecb n\u00f3ng khi ho\u1ea1t \u0111\u1ed9ng li\u00ean t\u1ee5c.<\/p>\n<p style=\"font-weight: 400;\">&#8211;\u00a0Ch\u1ebf \u0111\u1ed9 ho\u1ea1t \u0111\u1ed9ng Real-time v\u00e0 c\u00f3 c\u1ed5ng k\u1ebft n\u1ed1i Video MPEG-4<\/p>\n<p style=\"font-weight: 400;\">&#8211;\u00a0\u0110o nhi\u1ec7t \u0111\u1ed9 t\u1eeb xa v\u00e0 nhanh ch\u00f3ng: Nh\u1eadn d\u1ea1ng \u0111\u01b0\u1ee3c trong \u0111\u00e1m \u0111\u00f4ng ch\u1ee7 th\u1ec3 n\u00e0o c\u00f3 th\u00e2n nhi\u1ec7t cao &#8211; m\u1ed9t tri\u1ec7u ch\u1ee9ng th\u01b0\u1eddng g\u1eb7p c\u1ee7a nh\u1eefng b\u1ec7nh l\u00e2y nhi\u1ec5m, v\u00ed d\u1ee5 : SARS , nh\u01b0 c\u00fam A H5N1, c\u00fam A H1N1.<\/p>\n<p style=\"font-weight: 400;\">&#8211;\u00a0D\u00f2 s\u1ed1t :\u00a0T\u1ef1 \u0111\u1ed9ng b\u00ecnh th\u01b0\u1eddng ho\u00e1 s\u1ef1 thay \u0111\u1ed5i c\u1ee7a nhi\u1ec7t \u0111\u1ed9 m\u00f4i tr\u01b0\u1eddng (v\u00ed d\u1ee5 nh\u01b0 nhi\u1ec7t \u0111\u1ed9 ph\u00f2ng), cho ph\u00e9p ng\u01b0\u1eddi v\u1eadn h\u00e0nh nh\u1eadn d\u1ea1ng ch\u00ednh x\u00e1c ng\u01b0\u1eddi c\u00f3 th\u00e2n nhi\u1ec7t kh\u00e1c m\u1ee9c nhi\u1ec7t \u0111\u1ed9 chu\u1ea9n. \u0110\u1eb7c t\u00ednh \u201c\u0111\u1ed9c quy\u1ec1n\u201d n\u00e0y c\u1ee7a FLIR A320 gi\u00fap ng\u01b0\u1eddi v\u1eadn h\u00e0nh d\u1ec5 d\u00e0ng t\u00ecm ra ng\u01b0\u1eddi c\u00f3 th\u00e2n nhi\u1ec7t cao trong \u0111\u00e1m \u0111\u00f4ng v\u00e0 gi\u1ea3m sai s\u00f3t x\u1ea3y ra do ng\u01b0\u1eddi v\u1eadn h\u00e0nh, \u0111\u00e2y l\u00e0 \u0111i\u1ec3m \u0111\u1eb7c bi\u1ec7t c\u1ee7a FLIR A320 m\u00e0 ch\u01b0a m\u1ed9t h\u00e3ng s\u1ea3n xu\u1ea5t n\u00e0o tr\u00ean th\u1ebf gi\u1edbi c\u00f3 \u0111\u01b0\u1ee3c.<\/p>\n<p style=\"font-weight: 400;\">&#8211;\u00a0C\u1ea3nh b\u00e1o b\u1eb1ng m\u00e0u s\u1eafc, \u00e2m thanh &#8211; \u0110\u1eb7c t\u00ednh n\u00e0y cho ph\u00e9p ng\u01b0\u1eddi v\u1eadn h\u00e0nh \u0111\u1ecbnh tr\u01b0\u1edbc \u0111\u01b0\u1ee3c \u201cnhi\u1ec7t \u0111\u1ed9 ng\u01b0\u1ee1ng\u201d, v\u00ed d\u1ee5 l\u00e0 37<sup>0<\/sup>C. Khi camera \u0111o \u0111\u01b0\u1ee3c th\u00e2n nhi\u1ec7t tr\u00ean 37<sup>0<\/sup>C hay cao h\u01a1n, m\u00e0n h\u00ecnh s\u1ebd t\u1ef1 \u0111\u1ed9ng xu\u1ea5t hi\u1ec7n m\u00e0u \u0111\u1ecf \u1edf tr\u00ean khu\u00f4n m\u1eb7t. \u0110i\u1ec1u n\u00e0y s\u1ebd gi\u00fap ng\u01b0\u1eddi quan s\u00e1t nh\u1eadn ra kh\u1ea3 n\u0103ng ng\u01b0\u1eddi b\u1ecb s\u1ed1t nhanh ch\u00f3ng v\u00e0 \u0111\u01a1n gi\u1ea3n.<\/p>\n<p style=\"font-weight: 400;\">&#8211;\u00a0\u0110\u00e0o t\u1ea1o : FLIR l\u00e0 t\u1ed5 ch\u1ee9c \u0111\u00e0o t\u1ea1o camera h\u1ed3ng ngo\u1ea1i l\u1edbn nh\u1ea5t th\u1ebf gi\u1edbi (ITC). Ch\u00fang t\u00f4i c\u00f3 \u0111\u1ed9i ng\u0169 chuy\u00ean gia cao c\u1ea5p c\u00f3 th\u1ec3 \u0111\u00e0o t\u1ea1o v\u00e0 h\u1ed7 tr\u1ee3 kh\u00e1ch h\u00e0ng tr\u00ean kh\u1eafp th\u1ebf gi\u1edbi.<\/p>\n<p><\/p>","protected":false},"excerpt":{"rendered":"<p><strong>Model: FLIR A320 New<\/strong><\/p>\n<p><strong>H\u00e3ng s\u1ea3n xu\u1ea5t: FLIR<\/strong><\/p>\n<p><strong>Xu\u1ea5t x\u1ee9 : Th\u1ee5y \u0110i\u1ec3n<\/strong><\/p>\n","protected":false},"featured_media":37,"template":"","meta":[],"_links":{"self":[{"href":"http:\/\/hahuymecjsc.com.vn\/en\/wp-json\/wp\/v2\/product\/35"}],"collection":[{"href":"http:\/\/hahuymecjsc.com.vn\/en\/wp-json\/wp\/v2\/product"}],"about":[{"href":"http:\/\/hahuymecjsc.com.vn\/en\/wp-json\/wp\/v2\/types\/product"}],"wp:featuredmedia":[{"embeddable":true,"href":"http:\/\/hahuymecjsc.com.vn\/en\/wp-json\/wp\/v2\/media\/37"}],"wp:attachment":[{"href":"http:\/\/hahuymecjsc.com.vn\/en\/wp-json\/wp\/v2\/media?parent=35"}],"curies":[{"name":"wp","href":"https:\/\/api.w.org\/{rel}","templated":true}]}}