{"id":38,"date":"2018-04-20T14:40:29","date_gmt":"2018-04-20T14:40:29","guid":{"rendered":"http:\/\/hahuymecjsc.com.vn\/?post_type=product&#038;p=38"},"modified":"2025-02-20T08:24:09","modified_gmt":"2025-02-20T08:24:09","slug":"may-do-chuc-nang-phoi-as507-autospiro","status":"publish","type":"product","link":"http:\/\/hahuymecjsc.com.vn\/en\/san-pham\/may-do-chuc-nang-phoi-as507-autospiro\/","title":{"rendered":"M\u00e1y \u0111o ch\u1ee9c n\u0103ng ph\u1ed5i AS507 Autospiro"},"content":{"rendered":"\n<p>M\u00c1Y \u0110O CH\u1ee8C N\u0102NG PH\u1ed4I, X\u00c9T NGHI\u1ec6M C\u00c1C B\u1ec6NH: B\u1ec6NH PH\u1ed4I T\u1eaeC NGH\u1ebcN M\u00c3N T\u00cdNH COPD, HEN, VI\u00caM PH\u1ebe QU\u1ea2N, X\u00c9T NGHI\u1ec6M \u0110\u1edcM, KH\u00d3 TH\u1ede, NG\u01af\u1edcI NGHI\u1ec6N THU\u1ed0C L\u00c1, HO, B\u1ec6NH HEN TR\u1eba EM.<\/p>\n","protected":false},"excerpt":{"rendered":"<p><strong>H\u00e3ng s\u1ea3n xu\u1ea5t: Minato Medical Science<\/strong><\/p>\n<p><strong>Xu\u1ea5t x\u1ee9: Nh\u1eadt B\u1ea3n<\/strong><\/p>\n","protected":false},"featured_media":36,"template":"","meta":[],"_links":{"self":[{"href":"http:\/\/hahuymecjsc.com.vn\/en\/wp-json\/wp\/v2\/product\/38"}],"collection":[{"href":"http:\/\/hahuymecjsc.com.vn\/en\/wp-json\/wp\/v2\/product"}],"about":[{"href":"http:\/\/hahuymecjsc.com.vn\/en\/wp-json\/wp\/v2\/types\/product"}],"wp:featuredmedia":[{"embeddable":true,"href":"http:\/\/hahuymecjsc.com.vn\/en\/wp-json\/wp\/v2\/media\/36"}],"wp:attachment":[{"href":"http:\/\/hahuymecjsc.com.vn\/en\/wp-json\/wp\/v2\/media?parent=38"}],"curies":[{"name":"wp","href":"https:\/\/api.w.org\/{rel}","templated":true}]}}