{"id":61,"date":"2018-04-24T16:17:05","date_gmt":"2018-04-24T16:17:05","guid":{"rendered":"http:\/\/hahuymecjsc.com.vn\/?post_type=product&#038;p=61"},"modified":"2018-04-24T16:21:27","modified_gmt":"2018-04-24T16:21:27","slug":"binh-phun-nen-micron-cs10","status":"publish","type":"product","link":"http:\/\/hahuymecjsc.com.vn\/en\/san-pham\/binh-phun-nen-micron-cs10\/","title":{"rendered":"B\u00ecnh phun n\u00e9n Micron CS10"},"content":{"rendered":"<p style=\"font-weight: 400;\"><strong>Ki\u1ec3m so\u00e1t c\u00f4n tr\u00f9ng g\u00e2y h\u1ea1i v\u00e0 mu\u1ed7i hi\u1ec7u qu\u1ea3<\/strong><\/p>\n<p style=\"font-weight: 400;\">B\u00ecnh phun \u0111\u01b0\u1ee3c thi\u1ebft k\u1ebf \u0111\u1ec3 s\u1eed d\u1ee5ng cho c\u00e1c d\u1ef1 \u00e1n l\u1edbn, \u0111\u01b0\u1ee3c ph\u00e1t tri\u1ec3n \u0111\u1ec3 \u0111\u00e1p \u1ee9ng c\u00e1c d\u1ef1 \u00e1n phun ph\u00f2ng d\u1ecbch s\u1ed1t r\u00e9t, ng\u0103n ng\u1eeba c\u00e1c c\u00f4n tr\u00f9ng g\u00e2y c\u00e1c b\u1ec7nh nh\u01b0 b\u1ec7nh s\u1ed1t r\u00e9t, b\u1ec7nh Leishmania, b\u1ec7nh s\u1ed1t xu\u1ea5t huy\u1ebft.<\/p>\n<p style=\"font-weight: 400;\">B\u00ecnh phun c\u0169ng c\u00f3 th\u1ec3 s\u1eed d\u1ee5ng trong c\u00e1c d\u1ef1 \u00e1n \u1edf ph\u1ea1m vi nh\u1ecf nh\u01b0 ki\u1ec3m so\u00e1t c\u00f4n tr\u00f9ng g\u00e2y h\u1ea1i \u1edf khu d\u00e2n c\u01b0,\u00a0c\u0169ng nh\u01b0 trong c\u00e1c d\u1ef1 \u00e1n c\u00f4ng nghi\u1ec7p y\u00eau c\u1ea7u trang thi\u1ebft b\u1ecb ch\u1ea5t l\u01b0\u1ee3ng cao, ch\u1ecbu \u0111\u01b0\u1ee3c \u0103n m\u00f2n c\u1ee7a h\u00f3a ch\u1ea5t.<\/p>\n<p style=\"font-weight: 400;\"><strong>Thi\u1ebft k\u1ebf th\u00e2n thi\u1ec7n, \u0111\u1ed9 b\u1ec1n cao<\/strong><\/p>\n<p style=\"font-weight: 400;\">\u0111\u1ea1t ti\u00eau chu\u1ea9n cao nh\u1ea5t v\u00e0 \u0111\u00e1p \u1ee9ng Ti\u00eau chu\u1ea9n Qu\u1ed1c t\u1ebf v\u1ec1 Thi\u1ebft b\u1ecb ki\u1ec3m so\u00e1t d\u1ecbch b\u1ec7nh, \u0111\u1ec1u \u0111\u01b0\u1ee3c ch\u1ebf t\u1ea1o t\u1eeb th\u00e9p kh\u00f4ng r\u1ec9 v\u00e0 \u0111\u1ed3ng ch\u1ea5t l\u01b0\u1ee3ng cao, c\u00f3 kh\u1ea3 n\u0103ng ho\u1ea1t \u0111\u1ed9ng trong m\u00f4i tr\u01b0\u1eddng kh\u1eafc nghi\u1ec7t trong nhi\u1ec1u n\u0103m.<\/p>\n<p style=\"font-weight: 400;\">B\u00ecnh ch\u1ee9a c\u00f3 n\u1eafp xo\u00e1y l\u1edbn d\u1ec5 d\u00e0ng ti\u1ebfp h\u00f3a ch\u1ea5t, v\u00e0 \u0111\u1ec3 ng\u0103n r\u00f2 r\u1ec9 h\u00f3a ch\u1ea5t.<\/p>\n<p style=\"font-weight: 400;\">N\u1eafp b\u00ecnh c\u00f3 th\u1ec3 nh\u1ea3 \u00e1p su\u1ea5t tr\u01b0\u1edbc khi m\u1edf \u0111\u1ec3 \u0111\u1ea3m b\u1ea3o an to\u00e0n cho ng\u01b0\u1eddi d\u00f9ng.<\/p>\n<p style=\"font-weight: 400;\">B\u01a1m kh\u00ed l\u00e0m b\u1eb1ng th\u00e9p kh\u00f4ng r\u1ec9, c\u00f3 van m\u1ed9t chi\u1ec1u<\/p>\n<p style=\"font-weight: 400;\">duy tr\u00ec l\u01b0u l\u01b0\u1ee3ng c\u1ed1 \u0111\u1ecbnh \u0111\u1ea3m b\u1ea3o d\u00f2ng ra li\u00ean t\u1ee5c v\u00e0 l\u01b0u l\u01b0\u1ee3ng t\u1ea1i v\u00f2i phun kh\u00f4ng ph\u1ee5 thu\u1ed9c v\u00e0o s\u1ef1 thay \u0111\u1ed5i c\u1ee7a \u00e1p su\u1ea5t b\u00ecnh ch\u1ee9a.<\/p>\n<p style=\"font-weight: 400;\">c\u00f3 van ch\u1ecbu \u00e1p, \u0111\u1ed3ng h\u1ed3 \u00e1p su\u1ea5t \u0111\u1ec1u t\u1eeb th\u00e9p kh\u00f4ng r\u1ec9, van b\u00f3p b\u1eb1ng \u0111\u1ed3ng, \u1ed1ng phun v\u00e0 v\u00f2i phun b\u1eb1ng th\u00e9p kh\u00f4ng r\u1ec9. V\u00f2i phun l\u00e0m b\u1eb1ng s\u1ee9 \u0111\u01b0\u1ee3c cung c\u1ea5p t\u00f9y ch\u1ecdn, t\u0103ng kh\u1ea3 n\u0103ng ch\u1ed1ng ch\u1ecbu \u0103n m\u00f2n<\/p>\n","protected":false},"excerpt":{"rendered":"<p style=\"font-weight: 400;\"><strong>Model: CS10<\/strong><\/p>\n<p style=\"font-weight: 400;\"><strong>H\u00e3ng s\u1ea3n xu\u1ea5t: Micron Sprayer Co.,Ltd &#8211; Anh Qu\u1ed1c<\/strong><\/p>\n","protected":false},"featured_media":63,"template":"","meta":[],"_links":{"self":[{"href":"http:\/\/hahuymecjsc.com.vn\/en\/wp-json\/wp\/v2\/product\/61"}],"collection":[{"href":"http:\/\/hahuymecjsc.com.vn\/en\/wp-json\/wp\/v2\/product"}],"about":[{"href":"http:\/\/hahuymecjsc.com.vn\/en\/wp-json\/wp\/v2\/types\/product"}],"wp:featuredmedia":[{"embeddable":true,"href":"http:\/\/hahuymecjsc.com.vn\/en\/wp-json\/wp\/v2\/media\/63"}],"wp:attachment":[{"href":"http:\/\/hahuymecjsc.com.vn\/en\/wp-json\/wp\/v2\/media?parent=61"}],"curies":[{"name":"wp","href":"https:\/\/api.w.org\/{rel}","templated":true}]}}