{"id":65,"date":"2018-04-24T16:27:38","date_gmt":"2018-04-24T16:27:38","guid":{"rendered":"http:\/\/hahuymecjsc.com.vn\/?post_type=product&#038;p=65"},"modified":"2018-05-31T08:35:35","modified_gmt":"2018-05-31T08:35:35","slug":"may-phun-ulv-cong-suat-lon-typhoon-ii","status":"publish","type":"product","link":"http:\/\/hahuymecjsc.com.vn\/en\/san-pham\/may-phun-ulv-cong-suat-lon-typhoon-ii\/","title":{"rendered":"M\u00e1y phun ULV c\u00f4ng su\u1ea5t l\u1edbn Typhoon II"},"content":{"rendered":"<p><\/p>\n<h2><strong>So s\u00e1nh Typhoon I v\u00e0 Typhoon II:<\/strong><\/h2>\n<ul>\n<li style=\"font-weight: 400;\">Gi\u1ed1ng nhau:<\/li>\n<\/ul>\n<p style=\"font-weight: 400;\">+ Ch\u1ed1ng s\u1ed1c mi\u1ebfng \u0111\u1ec7m gi\u00fap gi\u1ea3m rung, h\u1ea1n ch\u1ebf t\u1ed5n h\u1ea1i<\/p>\n<p style=\"font-weight: 400;\">+ H\u1ec7 th\u1ed1ng s\u1ea1c \u0111i\u1ec7n tr\u00ean \u0111\u1ed9ng c\u01a1<\/p>\n<p style=\"font-weight: 400;\">+ B\u01a1m hi\u1ec7u su\u1ea5t cao, kh\u1ed1i l\u01b0\u1ee3ng b\u01a1m l\u1edbn, qu\u1ea1t gi\u00f3 c\u00f3 h\u1ec7 th\u1ed1ng h\u00e3m \u00e2m, v\u1ecf ch\u1ed1ng \u0103n m\u00f2n.<\/p>\n<p style=\"font-weight: 400;\">+ Khung b\u1eb1ng th\u00e9p h\u00e0n<\/p>\n<p style=\"font-weight: 400;\">+ \u0110i\u1ec1u khi\u1ec3n phun t\u1eeb xa\u00a0(t\u1eaft\/b\u1eadt)<\/p>\n<p style=\"font-weight: 400;\">+ Qu\u1ea1t gi\u00f3 truy\u1ec1n \u0111\u1ed9ng tr\u1ef1c ti\u1ebfp gi\u00fap lo\u1ea1i b\u1ecf s\u1ef1 c\u1ea7n thi\u1ebft s\u1eed d\u1ee5ng d\u00e2y \u0111ai<\/p>\n<p style=\"font-weight: 400;\">+ B\u00ecnh l\u00e0m b\u1eb1ng v\u1eadt li\u1ec7u polyetylen nh\u00e1m, m\u1edd, li\u00ean k\u1ebft ngang v\u1edbi nhau, ch\u1ed1ng \u0103n m\u00f2n v\u00e0 rung \u0111\u1ed9ng cho \u0111\u1ed9 b\u1ec1n t\u1ed1i \u0111a. D\u1ec5 d\u00e0ng l\u00e0m s\u1ea1ch, t\u1ea5t c\u1ea3 c\u00e1c b\u1ed9 ph\u1eadn \u0111\u1ec1u ch\u1ed1ng \u0103n m\u00f2n.<\/p>\n<p style=\"font-weight: 400;\">+ H\u00f3a ch\u1ea5t kh\u00f4ng ch\u1ea3y v\u00e0o cabin<\/p>\n<p style=\"font-weight: 400;\">+ Van \u0111i\u1ec7n t\u1eeb b\u1eb1ng th\u00e9p kh\u00f4ng r\u1ec9<\/p>\n<p style=\"font-weight: 400;\">+ Pin 12V dung l\u01b0\u1ee3ng cao<\/p>\n<p style=\"font-weight: 400;\">+ \u00c1p k\u1ebf l\u1ecfng theo d\u00f5i \u00e1p su\u1ea5t v\u00f2i phun<\/p>\n<p style=\"font-weight: 400;\">+ B\u1ea3o h\u00e0nh 2 n\u0103m<\/p>\n<p style=\"font-weight: 400;\">+ Ng\u1eaft t\u1eeb xa b\u1eb1ng \u0111i\u1ec1u khi\u1ec3n<\/p>\n<p style=\"font-weight: 400;\">+ B\u00ecnh ch\u1ee9a dung d\u1ecbch 57l, b\u00ecnh phun 38l<\/p>\n<p style=\"font-weight: 400;\">+ Tr\u1ecdng l\u01b0\u1ee3ng 135kg<\/p>\n<p><\/p>","protected":false},"excerpt":{"rendered":"<p><strong>Model 2985<\/strong><\/p>\n<p><strong>H\u00e3ng s\u1ea3n xu\u1ea5t: Curtis DYNA-FOG<\/strong><\/p>\n<p><strong>Xu\u1ea5t x\u1ee9: M\u1ef9<\/strong><\/p>\n<p>&nbsp;<\/p>\n","protected":false},"featured_media":139,"template":"","meta":[],"_links":{"self":[{"href":"http:\/\/hahuymecjsc.com.vn\/en\/wp-json\/wp\/v2\/product\/65"}],"collection":[{"href":"http:\/\/hahuymecjsc.com.vn\/en\/wp-json\/wp\/v2\/product"}],"about":[{"href":"http:\/\/hahuymecjsc.com.vn\/en\/wp-json\/wp\/v2\/types\/product"}],"wp:featuredmedia":[{"embeddable":true,"href":"http:\/\/hahuymecjsc.com.vn\/en\/wp-json\/wp\/v2\/media\/139"}],"wp:attachment":[{"href":"http:\/\/hahuymecjsc.com.vn\/en\/wp-json\/wp\/v2\/media?parent=65"}],"curies":[{"name":"wp","href":"https:\/\/api.w.org\/{rel}","templated":true}]}}