{"id":67,"date":"2018-04-24T16:29:29","date_gmt":"2018-04-24T16:29:29","guid":{"rendered":"http:\/\/hahuymecjsc.com.vn\/?post_type=product&#038;p=67"},"modified":"2018-05-17T08:44:34","modified_gmt":"2018-05-17T08:44:34","slug":"may-phun-deo-vai-twister-xl3","status":"publish","type":"product","link":"http:\/\/hahuymecjsc.com.vn\/en\/san-pham\/may-phun-deo-vai-twister-xl3\/","title":{"rendered":"M\u00e1y phun \u0111eo vai Twister XL3"},"content":{"rendered":"<p><\/p>\n<p style=\"font-weight: 400;\">Twister<sup>TM\u00a0<\/sup>XL<sup>3<\/sup>\u00a0l\u00e0 \u1ee9ng d\u1ee5ng phun ULV \u0111eo vai \u1ea5n t\u01b0\u1ee3ng nh\u1ea5t tr\u00ean th\u1ebf gi\u1edbi. Twister<sup>TM<\/sup>\u00a0v\u1edbi t\u00ednh n\u0103ng c\u1ee7a v\u00f2i phun \u0111\u00e1ng ch\u00fa \u00fd v\u00e0 h\u1ec7 th\u1ed1ng qu\u1ea1t gi\u00f3 \u0111a c\u1ea5p th\u1ed5i kh\u00ed n\u00e9n t\u1ed1t h\u01a1n c\u00e1c \u0111\u1ed1i th\u1ee7 c\u1ea1nh tranh kh\u00e1c v\u1ec1: gi\u00e1 tr\u1ecb, \u0111\u1ed9 b\u1ec1n v\u00e0 hi\u1ec7u su\u1ea5t.<\/p>\n<h2>T\u00ednh n\u0103ng<\/h2>\n<p style=\"font-weight: 400;\">TM \u0111\u01b0\u1ee3c thi\u1ebft k\u1ebf v\u1edbi \u0111\u1ed9ng c\u01a1 nh\u1ecf g\u1ecdn tr\u1ecdng l\u01b0\u1ee3ng nh\u1eb9, ti\u1ec7n thao t\u00e1c cho ng\u01b0\u1eddi v\u1eadn h\u00e0nh.<\/p>\n<p style=\"font-weight: 400;\">&#8211; Thi\u1ebft k\u1ebf v\u00f2i phun v\u01b0\u1ee3t tr\u1ed9i, \u0111\u01b0\u1ee3c c\u1ea5p b\u1eb1ng s\u00e1ng ch\u1ebf c\u1ee7a v\u00f2i phun Microtec<sup>TM<\/sup>\u00a0n\u00f3 cho ra 90% c\u00e1c h\u1ea1t phun c\u00f3 k\u00edch th\u01b0\u1edbc nh\u1ecf h\u01a1n 20\u00b5m v\u1edbi t\u1ed1c \u0111\u1ed9 d\u00f2ng ch\u1ea3y d\u01b0\u1edbi 6.0 oz\/ph\u00fat (178ml\/ph\u00fat)<\/p>\n<p style=\"font-weight: 400;\">&#8211; \u1ee8ng d\u1ee5ng phun trong nh\u00e0 kho, nh\u00e0 m\u00e1y, chu\u1ed3ng gia c\u1ea7m,nh\u00e0 m\u00e1y ch\u1ebf bi\u1ebfn th\u1ef1c ph\u1ea9m,&#8230;<\/p>\n<p style=\"font-weight: 400;\">&#8211; Khi phun c\u00f3 th\u1ec3 k\u1ebft h\u1ee3p v\u1edbi xe nh\u1ecf, xe b\u00e1n t\u1ea3i v\u00e0 xe chuy\u00ean d\u1ee5ng.<\/p>\n<p style=\"font-weight: 400;\">&#8211; V\u00f2i phun k\u00e9p (ch\u1ecdn th\u00eam) : Cung c\u1ea5p cho ng\u01b0\u1eddi s\u1eed d\u1ee5ng v\u1edbi l\u01b0u l\u01b0\u1ee3ng d\u00f2ng phun nhanh v\u00e0 m\u1ea1nh h\u01a1n.<\/p>\n<p><\/p>","protected":false},"excerpt":{"rendered":"<p><strong>H\u00e3ng s\u1ea3n xu\u1ea5t: Dynafog<\/strong><\/p>\n<p><strong>Xu\u1ea5t x\u1ee9: M\u1ef9<\/strong><\/p>\n","protected":false},"featured_media":121,"template":"","meta":[],"_links":{"self":[{"href":"http:\/\/hahuymecjsc.com.vn\/en\/wp-json\/wp\/v2\/product\/67"}],"collection":[{"href":"http:\/\/hahuymecjsc.com.vn\/en\/wp-json\/wp\/v2\/product"}],"about":[{"href":"http:\/\/hahuymecjsc.com.vn\/en\/wp-json\/wp\/v2\/types\/product"}],"wp:featuredmedia":[{"embeddable":true,"href":"http:\/\/hahuymecjsc.com.vn\/en\/wp-json\/wp\/v2\/media\/121"}],"wp:attachment":[{"href":"http:\/\/hahuymecjsc.com.vn\/en\/wp-json\/wp\/v2\/media?parent=67"}],"curies":[{"name":"wp","href":"https:\/\/api.w.org\/{rel}","templated":true}]}}